{"id":495,"date":"2018-07-05T07:38:57","date_gmt":"2018-07-05T05:38:57","guid":{"rendered":"http:\/\/overton.mikado-themes.com\/?page_id=495"},"modified":"2020-02-19T16:46:53","modified_gmt":"2020-02-19T15:46:53","slug":"qualita","status":"publish","type":"page","link":"http:\/\/www.matar.it\/index.php\/qualita\/","title":{"rendered":"Qualit\u00e0"},"content":{"rendered":"<p>[vc_row row_background_lines=&#8221;no&#8221; simple_background_color=&#8221;#000000&#8243;][vc_column][rev_slider_vc alias=&#8221;qualita&#8221; enable_paspartu=&#8221;no&#8221;][\/vc_column][\/vc_row][vc_row row_background_lines=&#8221;no&#8221;][vc_column][vc_empty_space height=&#8221;60px&#8221;][\/vc_column][\/vc_row][vc_row row_background_lines=&#8221;no&#8221;][vc_column]<div class=\"mkdf-elements-holder   mkdf-one-column  mkdf-responsive-mode-768   \" ><div class=\"mkdf-eh-item    \"  data-item-class=\"mkdf-eh-custom-3862\">\n\t<div class=\"mkdf-eh-item-inner\">\n\t\t<div class=\"mkdf-eh-item-content mkdf-eh-custom-3862\" style=\"padding: 17px 16% 0\">\n\t\t\t<div class=\"mkdf-section-title-holder  mkdf-st-standard mkdf-st-title-left mkdf-st-content-left \" >\n\t<div class=\"mkdf-st-inner\">\n\t\t\t\t\t<h3 class=\"mkdf-st-title\" >\n\t\t\t\tCertificati ISO\t\t\t<\/h3>\n\t\t\t\t\t<\/div>\n<\/div>[vc_empty_space][vc_column_text]<a href=\"http:\/\/www.matar.it\/wp-content\/uploads\/2020\/02\/Matar-Rina-14001-valido-fino-al-21.09.20.pdf\">Download ISO 9001<\/a><\/p>\n<p><a href=\"http:\/\/www.matar.it\/wp-content\/uploads\/2020\/02\/Matar-Rina-9001-valido-fino-al-19.09.20.pdf\">Download ISO14001<\/a>[\/vc_column_text][vc_empty_space]\t\t<\/div>\n\t<\/div>\n<\/div><\/div>[\/vc_column][\/vc_row][vc_row row_background_lines=&#8221;no&#8221;][vc_column]<div class=\"mkdf-elements-holder   mkdf-one-column  mkdf-responsive-mode-768   \" ><div class=\"mkdf-eh-item    \"  data-item-class=\"mkdf-eh-custom-1568\">\n\t<div class=\"mkdf-eh-item-inner\">\n\t\t<div class=\"mkdf-eh-item-content mkdf-eh-custom-1568\" style=\"padding: 17px 16% 0\">\n\t\t\t<div class=\"mkdf-section-title-holder  mkdf-st-standard mkdf-st-title-left mkdf-st-content-left \" >\n\t<div class=\"mkdf-st-inner\">\n\t\t\t\t\t<h3 class=\"mkdf-st-title\" >\n\t\t\t\tPolitica per la Qualit\u00e0 e l'Ambiente\t\t\t<\/h3>\n\t\t\t\t\t<\/div>\n<\/div>\t\t<\/div>\n\t<\/div>\n<\/div><\/div>[\/vc_column][\/vc_row][vc_row row_background_lines=&#8221;no&#8221;][vc_column]<div class=\"mkdf-elements-holder   mkdf-one-column  mkdf-responsive-mode-768   \" ><div class=\"mkdf-eh-item  mkdf-vertical-alignment-top mkdf-horizontal-alignment-center \"  data-item-class=\"mkdf-eh-custom-2532\">\n\t<div class=\"mkdf-eh-item-inner\">\n\t\t<div class=\"mkdf-eh-item-content mkdf-eh-custom-2532\" style=\"padding: 17px 16% 0\">\n\t\t\t[vc_empty_space][vc_column_text]<\/p>\n<p align=\"left\">La Societ\u00e0 MATAR ha fatto della\u00a0<strong>Qualit\u00e0 e dell\u2019Ambiente<\/strong> due dei propri obiettivi strategici, al fine di garantire da un lato, il pieno soddisfacimento delle esigenze del cliente e delle sue aspettative per quanto riguarda la progettazione e produzione di veicoli e container per il trasporto gas ed accessori per bombole, manutenzione e ricarica bombole, commercializzazione di bombole ed accessori; dall&#8217;altro, garantire una filosofia comportamentale rivolta alla salvaguardia dell\u2019ambiente, ritenuto un valore fondamentale per l\u2019Azienda, da curare con particolare attenzione e sensibilit\u00e0.<\/p>\n<p align=\"left\">Allo scopo di garantire la massima efficacia del\u00a0<strong>Sistema di Gestione Integrato Qualit\u00e0 &#8211; Ambiente<\/strong>, la Direzione identifica ruoli e responsabilit\u00e0 all&#8217;interno della Sua organizzazione per garantire che tale Sistema sia conforme alle norme applicabili e che la sua conoscenza sia sviluppata in tutti i ruoli affinch\u00e8 si possa facilitare l\u2019applicazione e lo sviluppo del <strong>Sistema di Gestione Integrato<\/strong>\u00a0stesso, ed il raggiungimento degli obiettivi Qualitativi e Ambientali che la Societ\u00e0 si \u00e8 prefissata.<\/p>\n<p align=\"left\">Pertanto, oltre ad un indottrinamento e responsabilizzazione del personale mediante incontri, durante i quali \u00e8 stato spiegato l\u2019intendimento e gli obiettivi dell\u2019Azienda ed il ruolo importante di cui tutto il personale \u00e8 investito ai fini della\u00a0<strong>Qualit\u00e0 e dell\u2019Ambiente<\/strong>, la dichiarazione di politica\u00a0<strong>Integrata<\/strong>\u00a0della Societ\u00e0 \u00e8 stata distribuita all\u2019interno della stessa.<\/p>\n<p align=\"left\">Durante il normale lavoro in Azienda, attraverso l\u2019analisi dei rischi \/ opportunit\u00e0, attraverso gli Audit Interni, che durante la normale attivit\u00e0 di controllo, si tende, mediante il coinvolgimento diretto del personale, a sensibilizzare tutto l&#8217;organico sia sugli obiettivi della\u00a0<strong>Qualit\u00e0,\u00a0<\/strong>identificando come obiettivo principale la soddisfazione del Cliente in ogni Sua richiesta,<strong>\u00a0<\/strong>che su quelli\u00a0<strong>Ambientali.<\/strong><\/p>\n<p align=\"left\">L\u2019impegno di rispetto verso l\u2019ambiente da parte di MATAR viene concretizzato attraverso:<\/p>\n<p align=\"left\">&#8211; La protezione dell&#8217;ambiente circostante sia tramite la normale prevenzione dell\u2019inquinamento per cercare di ridurre al minimo gli impatti ambientali negativi, che la protezione derivante dalla minimizzazione dei rischi ambientali correlati alle attivit\u00e0 ed ai prodotti dell\u2019azienda, operando valutazioni preventive e monitorando continuamente i parametri critici.<\/p>\n<p align=\"left\">&#8211; Soddisfare gli obblighi di conformit\u00e0 legislativa a cui l&#8217;organizzazione \u00e8 sottoposta identificando tali obblighi, assicurando che le operazioni svolte siano effettuate in conformit\u00e0 e monitorare e corregge le non conformit\u00e0.<\/p>\n<p align=\"left\">&#8211; Il miglioramento continuo delle prestazioni erogate basandosi su dati concreti e riscontrabili.<\/p>\n<p align=\"left\">&#8211; Periodiche e sistematiche attivit\u00e0 di informazione, formazione ed aggiornamento rivolte a tutti i dipendenti per promuovere responsabilit\u00e0 e consapevolezza sull\u2019ambiente, affinch\u00e8 ogni persona si senta coinvolta in prima persona nello sviluppo e nel raggiungimento degli obiettivi che l&#8217;organizzazione ha prefissato.<\/p>\n<p align=\"left\">&#8211; Massima comunicazione, trasparenza e sensibilizzazione rivolte alla comunit\u00e0 locale ed alla clientela sul tema ambiente per ottenere e consolidare la fiducia nei confronti delle attivit\u00e0 e dei prodotti dell\u2019azienda.<\/p>\n<p align=\"left\">&#8211; La minimizzazione, per quanto possibile, dei consumi di energia elettrica, di acqua e di combustibile.<\/p>\n<p align=\"left\">&#8211; La riduzione della produzione di rifiuti, favorendone il recupero ove possibile.<\/p>\n<p align=\"left\">&#8211; Effettuare una valutazione alla fine di ogni anno sul ciclo di vita dei prodotti che forniamo in caso di progettazione e del servizio di manutenzione offerto.<\/p>\n<p align=\"left\">Per tendere al raggiungimento degli obiettivi la Direzione ha pertanto deciso di adottare un\u00a0<strong>Sistema di Gestione Integrato\u00a0<\/strong>Aziendale in conformit\u00e0 alla Norma UNI EN ISO 9001\/2015 e UNI EN ISO 14001\/2015.<\/p>\n<p align=\"left\">Per soddisfare i requisiti della Norma UNI EN ISO 9001\/2015 e 14001\/2015, sono stati presi in considerazione i criteri delle linee guida UNI EN ISO 9000\/2015, UNI EN ISO 9004\/2018 e UNI ISO 14004\/2016.<\/p>\n<p align=\"left\">Al Responsabile Qualit\u00e0 e al Responsabile Ambientale \u00e8 affidata la gestione del\u00a0<strong>Sistema di Gestione Integrato\u00a0<\/strong>e l\u2019autorit\u00e0 necessaria per garantire che il Sistema sia compreso ed applicato in tutta l\u2019Organizzazione, prendendo tutti i provvedimenti necessari al fine di garantire la Qualit\u00e0 del prodotto e\/o servizio e la tutela e miglioramento dell\u2019Ambiente di lavoro e circostante.<\/p>\n<p align=\"left\">La Societ\u00e0 MATAR svolge le sue attivit\u00e0 nel pieno rispetto delle Leggi e Norme cogenti relative al campo di applicazione, alla qualit\u00e0, all\u2019ambiente, alla sicurezza sul lavoro e alla privacy.<\/p>\n<p>[\/vc_column_text]\t\t<\/div>\n\t<\/div>\n<\/div><\/div>[\/vc_column][\/vc_row][vc_row row_background_lines=&#8221;no&#8221;][vc_column][vc_empty_space height=&#8221;60px&#8221;][\/vc_column][\/vc_row]<\/p>\n","protected":false},"excerpt":{"rendered":"<p>[vc_row row_background_lines=&#8221;no&#8221; simple_background_color=&#8221;#000000&#8243;][vc_column][rev_slider_vc alias=&#8221;qualita&#8221; enable_paspartu=&#8221;no&#8221;][\/vc_column][\/vc_row][vc_row row_background_lines=&#8221;no&#8221;][vc_column][vc_empty_space height=&#8221;60px&#8221;][\/vc_column][\/vc_row][vc_row row_background_lines=&#8221;no&#8221;][vc_column][\/vc_column][\/vc_row][vc_row row_background_lines=&#8221;no&#8221;][vc_column][\/vc_column][\/vc_row][vc_row row_background_lines=&#8221;no&#8221;][vc_column][\/vc_column][\/vc_row][vc_row row_background_lines=&#8221;no&#8221;][vc_column][vc_empty_space height=&#8221;60px&#8221;][\/vc_column][\/vc_row]<\/p>\n","protected":false},"author":1,"featured_media":0,"parent":0,"menu_order":0,"comment_status":"closed","ping_status":"closed","template":"full-width.php","meta":[],"_links":{"self":[{"href":"http:\/\/www.matar.it\/index.php\/wp-json\/wp\/v2\/pages\/495"}],"collection":[{"href":"http:\/\/www.matar.it\/index.php\/wp-json\/wp\/v2\/pages"}],"about":[{"href":"http:\/\/www.matar.it\/index.php\/wp-json\/wp\/v2\/types\/page"}],"author":[{"embeddable":true,"href":"http:\/\/www.matar.it\/index.php\/wp-json\/wp\/v2\/users\/1"}],"replies":[{"embeddable":true,"href":"http:\/\/www.matar.it\/index.php\/wp-json\/wp\/v2\/comments?post=495"}],"version-history":[{"count":31,"href":"http:\/\/www.matar.it\/index.php\/wp-json\/wp\/v2\/pages\/495\/revisions"}],"predecessor-version":[{"id":5332,"href":"http:\/\/www.matar.it\/index.php\/wp-json\/wp\/v2\/pages\/495\/revisions\/5332"}],"wp:attachment":[{"href":"http:\/\/www.matar.it\/index.php\/wp-json\/wp\/v2\/media?parent=495"}],"curies":[{"name":"wp","href":"https:\/\/api.w.org\/{rel}","templated":true}]}}