{"id":1431,"date":"2018-07-09T09:43:14","date_gmt":"2018-07-09T07:43:14","guid":{"rendered":"http:\/\/overton.mikado-themes.com\/?page_id=1431"},"modified":"2020-01-28T13:30:47","modified_gmt":"2020-01-28T12:30:47","slug":"storia","status":"publish","type":"page","link":"http:\/\/www.matar.it\/index.php\/storia\/","title":{"rendered":"Storia"},"content":{"rendered":"<p>[vc_row row_background_lines=&#8221;no&#8221;][vc_column][vc_empty_space][\/vc_column][\/vc_row][vc_row row_background_lines=&#8221;no&#8221;][vc_column]<div class=\"mkdf-elements-holder   mkdf-two-columns  mkdf-responsive-mode-1024  mkdf-eh-uncovering-effect mkdf-eh-uncovering-image-left\" ><div class=\"mkdf-eh-item    \"  data-item-class=\"mkdf-eh-custom-9602\">\n\t<div class=\"mkdf-eh-item-inner\">\n\t\t<div class=\"mkdf-eh-item-content mkdf-eh-custom-9602\" >\n\t\t\t[vc_single_image image=&#8221;4973&#8243; img_size=&#8221;full&#8221;]\t\t<\/div>\n\t<\/div>\n<\/div><div class=\"mkdf-eh-item    \"  data-item-class=\"mkdf-eh-custom-9701\" data-1367-1600=\"0 148px 11px 162px\" data-1025-1366=\"0px 120px 11px 130px\" data-769-1024=\"100px 100px\" data-681-768=\"100px 100px\" data-680=\"100px 20px\">\n\t<div class=\"mkdf-eh-item-inner\">\n\t\t<div class=\"mkdf-eh-item-content mkdf-eh-custom-9701\" style=\"padding: 0 50px 12px 50px\">\n\t\t\t<div class=\"mkdf-section-title-holder  mkdf-st-standard mkdf-st-title-left  \" >\n\t<div class=\"mkdf-st-inner\">\n\t\t\t\t\t<h3 class=\"mkdf-st-title\" >\n\t\t\t\tL'Alluminio\t\t\t<\/h3>\n\t\t\t\t\t<\/div>\n<\/div>[vc_column_text css=&#8221;.vc_custom_1580207706891{padding-top: 10px !important;}&#8221;]L&#8217;affermazione dell&#8217;alluminio come materiale multiuso sui mercati mondiali un avvenimento che fa parte della nostra storia recente; con poco pi\u00f9 di 100 anni di vita, infatti, il metallo leggero uno degli ultimi arrivati tra i materiali per le produzioni di massa ed a differenza dell&#8217;acciaio, che ha segnato da protagonista le tappe fondamentali della rivoluzione industriale, inizia il suo sviluppo importante solo in questo secolo.<\/p>\n<p>Estratto per la prima volta il laboratorio nel 1825 da Orsted, l&#8217;alluminio\u00a0 entrato nella fase industriale vera e propria dopo il 1880, quando Hall negli USA e Heroilt in Francia studiarono e realizzarono pressoch\u00e8 contemporaneamente il processo di fabbricazione che da loro ha preso il nome, in grado di consentire una produzione vera e propria, con una metodologia affidabile e ripetitiva. In meno di un secolo l&#8217;alluminio ha avuto una evoluzione notevolissima quanto a produzione ed impieghi, ed oggi tra i metalli pi\u00f9 importanti.<\/p>\n<p>Nella competizione con gli altri materiali comunque in dubbio che il metallo leggero continuer\u00e0 a giocare un ruolo importante per la sua caratteristica specifica di puntare non solo sulla crescita quantitativa, ma anche sulla valorizzazione di leghe, prodotti ed applicazioni a maggior valore aggiunto; sotto questo aspetto gli analisti esperti di materiali vedono il metallo leggero in buon consolidamento.<\/p>\n<p>La fase di crescita molto rapida dell&#8217;alluminio risale al periodo intorno al 1950 &#8211; 1960, cui ha fatto seguito un rallentamento nei tassi di sviluppo della domanda negli anni &#8217;70, sia per ragioni cicliche, sia perch\u00e8 l&#8217;industria stava raggiungendo lo stadio di maturit\u00e0, con i principali mercati a livello di saturazione.<br \/>\nL&#8217;alluminio un metallo che si distingue nettamente dagli altri materiali ed ha un complesso di propriet\u00e0 metallurgiche e tecnologiche estremamente specifiche.[\/vc_column_text][vc_empty_space height=&#8221;53px&#8221;]\t\t<\/div>\n\t<\/div>\n<\/div><\/div><div class=\"mkdf-elements-holder   mkdf-two-columns  mkdf-responsive-mode-1024  mkdf-eh-uncovering-effect mkdf-eh-uncovering-image-right\" ><div class=\"mkdf-eh-item    \"  data-item-class=\"mkdf-eh-custom-7097\" data-1367-1600=\"0 148px 11px 162px\" data-1025-1366=\"0 130px 11px 120px\" data-769-1024=\"0 100px 100px 100px\" data-681-768=\"0 100px 100px 100px\" data-680=\"0 20px 112px 20px\">\n\t<div class=\"mkdf-eh-item-inner\">\n\t\t<div class=\"mkdf-eh-item-content mkdf-eh-custom-7097\" style=\"padding: 100px 50px 12px 50px\">\n\t\t\t<div class=\"mkdf-section-title-holder  mkdf-st-standard mkdf-st-title-left  \" >\n\t<div class=\"mkdf-st-inner\">\n\t\t\t\t\t<h3 class=\"mkdf-st-title\" >\n\t\t\t\tElementi Essenziali<br \/>\t\t\t<\/h3>\n\t\t\t\t\t<\/div>\n<\/div>[vc_column_text css=&#8221;.vc_custom_1580208425512{padding-top: 10px !important;}&#8221;]- l&#8217;alluminio leggero, a parit\u00e0 di volume pesa 1\/3 dell&#8217;acciaio; per fare un paragone immediato. possiamo rilevare che una lamiera con superficie di 1 m2 e spessore di 1mm. pesa 2.7 kg in alluminio, 7,8 kg in acciaio. 8,8 kg in rame;<\/p>\n<p>&#8211; l&#8217;alluminio \u00e8 un buon conduttore elettrico, inferiore sotto questo aspetto solamente al rame, relativamente al quale ha una conducibilit\u00e0 elettrica di poco superiore al 60%.<\/p>\n<p>&#8211; l&#8217;alluminio ha buona resistenza meccanica: il metallo puro ha caratteristiche meccaniche modeste, ma le sue leghe raggiungono limiti molto elevati, anche superiori a quelli dei comuni acciai da costruzione, quindi sono in grado di soddisfare requisiti impegnativi in applicazioni strutturali..<\/p>\n<p>&#8211; \u00e8 resistente agli agenti atmosferici: l&#8217;alluminio e la maggior parte delle sue leghe di impiego industriale non si corrode, o si corrode pochissimo;<\/p>\n<p>&#8211; l&#8217;alluminio pu\u00f2 essere estruso anche in profili di sezioni molto complicate, pu\u00f2 essere laminato in spessori sottili anche fino a 4um, pu\u00f2 essere trafilato, fucinato, stampato, imbutito, prestandosi quindi a tutte le esigenze dell&#8217;utilizzatore;<\/p>\n<p>&#8211; ha buona tenacia e buona resistenza meccanica anche a temperature bassissime;<\/p>\n<p>&#8211; ha un qradevolo aspetto estetico: si presta a trattamenti superficiali, come l&#8217;ossidazione anodica, che determina interessanti effetti decorativi da tempo apprezzati in architettura ed in edilizia, la verniciatura. la brillantatura ete,<\/p>\n<p>&#8211; ha una buona conducibilit\u00e0 termica, propriet\u00e0 questa che rende l&#8217;alluminio molto adatto alla fabbricazione di scambiatori di calore, radiatori e pentolame;<\/p>\n<p>&#8211; \u00e8 inalterabile al contatto dei cibi e di molte sostanze liquide, per cui trova ampie applicazioni nell&#8217;impiantistica alimentare e nel campo degli imballaggi.[\/vc_column_text][vc_empty_space height=&#8221;53px&#8221;]\t\t<\/div>\n\t<\/div>\n<\/div><div class=\"mkdf-eh-item    \"  data-item-class=\"mkdf-eh-custom-8824\">\n\t<div class=\"mkdf-eh-item-inner\">\n\t\t<div class=\"mkdf-eh-item-content mkdf-eh-custom-8824\" >\n\t\t\t[vc_single_image image=&#8221;4916&#8243; img_size=&#8221;full&#8221;]\t\t<\/div>\n\t<\/div>\n<\/div><\/div>[\/vc_column][\/vc_row][vc_row row_background_lines=&#8221;no&#8221;][vc_column][vc_empty_space height=&#8221;62px&#8221;][\/vc_column][\/vc_row]<\/p>\n","protected":false},"excerpt":{"rendered":"<p>[vc_row row_background_lines=&#8221;no&#8221;][vc_column][vc_empty_space][\/vc_column][\/vc_row][vc_row row_background_lines=&#8221;no&#8221;][vc_column][\/vc_column][\/vc_row][vc_row row_background_lines=&#8221;no&#8221;][vc_column][vc_empty_space height=&#8221;62px&#8221;][\/vc_column][\/vc_row]<\/p>\n","protected":false},"author":1,"featured_media":0,"parent":0,"menu_order":0,"comment_status":"closed","ping_status":"closed","template":"full-width.php","meta":[],"_links":{"self":[{"href":"http:\/\/www.matar.it\/index.php\/wp-json\/wp\/v2\/pages\/1431"}],"collection":[{"href":"http:\/\/www.matar.it\/index.php\/wp-json\/wp\/v2\/pages"}],"about":[{"href":"http:\/\/www.matar.it\/index.php\/wp-json\/wp\/v2\/types\/page"}],"author":[{"embeddable":true,"href":"http:\/\/www.matar.it\/index.php\/wp-json\/wp\/v2\/users\/1"}],"replies":[{"embeddable":true,"href":"http:\/\/www.matar.it\/index.php\/wp-json\/wp\/v2\/comments?post=1431"}],"version-history":[{"count":19,"href":"http:\/\/www.matar.it\/index.php\/wp-json\/wp\/v2\/pages\/1431\/revisions"}],"predecessor-version":[{"id":5327,"href":"http:\/\/www.matar.it\/index.php\/wp-json\/wp\/v2\/pages\/1431\/revisions\/5327"}],"wp:attachment":[{"href":"http:\/\/www.matar.it\/index.php\/wp-json\/wp\/v2\/media?parent=1431"}],"curies":[{"name":"wp","href":"https:\/\/api.w.org\/{rel}","templated":true}]}}