{"id":5281,"date":"2020-01-30T13:12:21","date_gmt":"2020-01-30T12:12:21","guid":{"rendered":"http:\/\/www.matar.it\/?page_id=5281"},"modified":"2021-02-09T09:06:06","modified_gmt":"2021-02-09T08:06:06","slug":"trasporto","status":"publish","type":"page","link":"http:\/\/www.matar.it\/en\/index.php\/trasporto\/","title":{"rendered":"Trasporto"},"content":{"rendered":"<p>[vc_row row_background_lines=&#8221;no&#8221;][vc_column]<div class=\"mkdf-image-gallery mkdf-grid-list mkdf-grid-masonry-list mkdf-disable-bottom-space  mkdf-ig-masonry-type mkdf-two-columns mkdf-tiny-space  \">\n\t<div class=\"mkdf-ig-inner mkdf-outer-space mkdf-masonry-list-wrapper\">\n\t\t<div class=\"mkdf-masonry-grid-sizer\"><\/div>\n\t\t<div class=\"mkdf-masonry-grid-gutter\"><\/div>\n\t\t\t\t\t\t\t\t<div class=\"mkdf-ig-image mkdf-item-space \">\n\t\t\t\t<div class=\"mkdf-ig-image-inner\">\n\t\t\t\t\t\t\t\t\t\t\t<img width=\"2560\" height=\"1696\" src=\"http:\/\/www.matar.it\/wp-content\/uploads\/2020\/01\/1Matar-scaled.jpg\" class=\"attachment-full size-full\" alt=\"\" loading=\"lazy\" srcset=\"http:\/\/www.matar.it\/wp-content\/uploads\/2020\/01\/1Matar-scaled.jpg 2560w, http:\/\/www.matar.it\/wp-content\/uploads\/2020\/01\/1Matar-300x199.jpg 300w, http:\/\/www.matar.it\/wp-content\/uploads\/2020\/01\/1Matar-1024x678.jpg 1024w, http:\/\/www.matar.it\/wp-content\/uploads\/2020\/01\/1Matar-768x509.jpg 768w, http:\/\/www.matar.it\/wp-content\/uploads\/2020\/01\/1Matar-1536x1017.jpg 1536w, http:\/\/www.matar.it\/wp-content\/uploads\/2020\/01\/1Matar-600x397.jpg 600w\" sizes=\"(max-width: 2560px) 100vw, 2560px\" \/>\t\t\t\t\t\t\t\t\t<\/div>\n\t\t\t<\/div>\n\t\t\t\t\t\t\t\t<div class=\"mkdf-ig-image mkdf-item-space \">\n\t\t\t\t<div class=\"mkdf-ig-image-inner\">\n\t\t\t\t\t\t\t\t\t\t\t<img width=\"2560\" height=\"1696\" src=\"http:\/\/www.matar.it\/wp-content\/uploads\/2020\/01\/Matar21-scaled.jpg\" class=\"attachment-full size-full\" alt=\"\" loading=\"lazy\" srcset=\"http:\/\/www.matar.it\/wp-content\/uploads\/2020\/01\/Matar21-scaled.jpg 2560w, http:\/\/www.matar.it\/wp-content\/uploads\/2020\/01\/Matar21-300x199.jpg 300w, http:\/\/www.matar.it\/wp-content\/uploads\/2020\/01\/Matar21-1024x678.jpg 1024w, http:\/\/www.matar.it\/wp-content\/uploads\/2020\/01\/Matar21-768x509.jpg 768w, http:\/\/www.matar.it\/wp-content\/uploads\/2020\/01\/Matar21-1536x1017.jpg 1536w, http:\/\/www.matar.it\/wp-content\/uploads\/2020\/01\/Matar21-600x397.jpg 600w\" sizes=\"(max-width: 2560px) 100vw, 2560px\" \/>\t\t\t\t\t\t\t\t\t<\/div>\n\t\t\t<\/div>\n\t\t\t<\/div>\n<\/div>[\/vc_column][\/vc_row][vc_row row_background_lines=&#8221;no&#8221;][vc_column][vc_empty_space height=&#8221;60px&#8221;][\/vc_column][\/vc_row][vc_row row_background_lines=&#8221;no&#8221;][vc_column][vc_column_text]Nel mondo dei carburanti alternativi le bombole sono prevalentemente usate per il contenimento di CNG ed Idrogeno. A fronte della pluriennale esperienza di costruttori di sistemi CNG per autobus e sistemi di alimentazione per veicoli medio-pesanti, siamo in grado di supportare il cliente nello sviluppo del prodotto finito. La Matar s.r.l. distributore Luxfer Gas Cylinders, fornisce quello che oggi pu\u00f2 essere definito il prodotto per eccellenza, le bombole Tipo3. Sviluppate appositamente per carburanti alternativi, sono pi\u00f9 leggere del 66% rispetto alle bombole di Tipo1 in acciaio. Le bombole Tipo3 di grandi capacit\u00e0, offrono alla gestione delle flotte un notevole risparmio di carburante, una maggiore autonomia ed una significativa riduzione dei costi di manutenzione dei veicoli, grazie alla riduzione dell\u2019usura dei freni, degli pneumatici e dei sistemi di sospensione. I chiari benefici derivati dall\u2019uso di bombole o tubi in materiale composito, vengono sfruttati ed amplificati attraverso una sofisticata progettazione ed un\u2019accurata scelta dei restanti componenti. Acciai strutturali alto resistenziali, leghe leggere ed ottimizzazione dei condotti consentono la realizzazione di sistemi di trasporto in grado di garantire la massima riduzione di peso, elevando, di conseguenza, la capacit\u00e0 di carico. La progettazione e costruzione di sistemi di trasporto pu\u00f2 orientarsi sia su sistemi medi ( MEGC \u2013 Sistema di contenimento ad elementi multipli ) che grandi ( veicoli batteria Trailer ). Il mercato del trasporto di gas compresso \u00e8 in continua evoluzione e le richieste variano per tipologia di prodotto ma il punto principale ed in realt\u00e0 sempre presente, \u00e8 la richiesta di sistemi flessibili, leggeri, economicamente vantaggiosi. I sistemi Matar sono in grado di essere utilizzati per diversi gas, il vantaggio di trasportare indifferentemente Monossido di Carbonio o Elio oppure Idrogeno, col medesimo veicolo, \u00e8 un aspetto che si rivela vincente. La costruzione in conformit\u00e0 alle vigenti norme ( ADR\/RID\/TPED ) assicura l\u2019uso dei nostri sistemi su tutto il territorio europeo.[\/vc_column_text][\/vc_column][\/vc_row][vc_row row_background_lines=&#8221;no&#8221;][vc_column][vc_empty_space height=&#8221;60px&#8221;][\/vc_column][\/vc_row]<\/p>\n","protected":false},"excerpt":{"rendered":"<p>[vc_row row_background_lines=&#8221;no&#8221;][vc_column][\/vc_column][\/vc_row][vc_row row_background_lines=&#8221;no&#8221;][vc_column][vc_empty_space height=&#8221;60px&#8221;][\/vc_column][\/vc_row][vc_row row_background_lines=&#8221;no&#8221;][vc_column][vc_column_text]Nel mondo dei carburanti alternativi le bombole sono prevalentemente usate per il contenimento di CNG ed Idrogeno. A fronte della pluriennale esperienza di costruttori di sistemi [&hellip;]<\/p>\n","protected":false},"author":1,"featured_media":0,"parent":0,"menu_order":0,"comment_status":"closed","ping_status":"closed","template":"","meta":[],"_links":{"self":[{"href":"http:\/\/www.matar.it\/en\/index.php\/wp-json\/wp\/v2\/pages\/5281"}],"collection":[{"href":"http:\/\/www.matar.it\/en\/index.php\/wp-json\/wp\/v2\/pages"}],"about":[{"href":"http:\/\/www.matar.it\/en\/index.php\/wp-json\/wp\/v2\/types\/page"}],"author":[{"embeddable":true,"href":"http:\/\/www.matar.it\/en\/index.php\/wp-json\/wp\/v2\/users\/1"}],"replies":[{"embeddable":true,"href":"http:\/\/www.matar.it\/en\/index.php\/wp-json\/wp\/v2\/comments?post=5281"}],"version-history":[{"count":2,"href":"http:\/\/www.matar.it\/en\/index.php\/wp-json\/wp\/v2\/pages\/5281\/revisions"}],"predecessor-version":[{"id":5343,"href":"http:\/\/www.matar.it\/en\/index.php\/wp-json\/wp\/v2\/pages\/5281\/revisions\/5343"}],"wp:attachment":[{"href":"http:\/\/www.matar.it\/en\/index.php\/wp-json\/wp\/v2\/media?parent=5281"}],"curies":[{"name":"wp","href":"https:\/\/api.w.org\/{rel}","templated":true}]}}