{"id":3,"date":"2018-07-03T10:12:44","date_gmt":"2018-07-03T08:12:44","guid":{"rendered":"http:\/\/overton.mikado-themes.com\/?page_id=3"},"modified":"2020-01-28T13:31:47","modified_gmt":"2020-01-28T12:31:47","slug":"privacy","status":"publish","type":"page","link":"http:\/\/www.matar.it\/en\/index.php\/privacy\/","title":{"rendered":"Privacy"},"content":{"rendered":"<p>[vc_row row_background_lines=&#8221;no&#8221;][vc_column][vc_column_text]<strong>Matar Srl <\/strong>considera di fondamentale importanza la privacy dei propri utenti e garantisce che il trattamento dei dati personali inseriti, raccolti e trattati attraverso il sito <strong>www.matar.it <\/strong>si svolga nel rispetto dei diritti dell&#8217;interessato, con particolare riferimento alla riservatezza, alla tutela dell&#8217;identit\u00e0 personale e al diritto alla protezione dei dati personali ai sensi e per gli effetti del Codice in materia di protezione dei dati personali D.lgs. 196\/2003 (di seguito, Codice) e successive modificazioni intervenute. A tal proposito <strong>Matar Srl <\/strong>ha adottato ed implementato la presente Privacy Policy, che vale quale informativa ai sensi dell&#8217;art. 13 del &#8220;Codice&#8221;, per tutto ci\u00f2 che concerne le modalit\u00e0 di gestione del Sito in riferimento al trattamento dei dati personali degli utenti.<\/p>\n<h4>Titolare del trattamento<\/h4>\n<p>Il Titolare del Trattamento <strong>Matar Srl<\/strong>, con sede in\u00a0<strong>Viale Enrico Mattei 5 &#8211; 25080 Mazzano (BS)<\/strong>, nella persona del suo legale rappresentante pro tempore. Si intende con trattamento come meglio specificato all&#8217;art. 4 del Codice qualunque operazione o complesso di operazioni, effettuati anche senza l&#8217;ausilio di strumenti elettronici, concernenti la raccolta, la registrazione, l&#8217;organizzazione, la conservazione, la consultazione, l&#8217;elaborazione, la modificazione, la selezione, l&#8217;estrazione, il raffronto, l&#8217;utilizzo, l&#8217;interconnessione, il blocco, la comunicazione, la diffusione, la cancellazione e la distruzione di dati, anche se non registrati in una banca di dati. Per\u00a0 dato personale\u00a0 si intende qualunque informazione relativa a persona fisica, identificata o identificabile, anche indirettamente, mediante riferimento a qualsiasi altra informazione, ivi compreso un numero di identificazione personale. La presente Privacy Policy si applica ai dati personali degli Utenti, raccolti attraverso il sito; la stessa Privacy Policy non si applica ad altri siti web di propriet\u00e0 di soggetti terzi, ai quali si possa eventualmente accedere tramite un link presente sul Sito <strong>www.matar.it<\/strong>.<\/p>\n<h4>Tipi di dati trattati e modalit\u00e0 del trattamento<\/h4>\n<p><strong>Matar Srl<\/strong> potr\u00e0 raccogliere alcuni dati personali dagli Utenti, quali il nome, cognome, indirizzo email, User ID e password, informazioni aggregate durante la navigazione del Sito, altri dati personali forniti volontariamente dall&#8217;Utente durante la fase di registrazione ovvero in occasione della richiesta di beni o servizi offerti dal Sito o della richiesta di informazioni inviata al Sito tramite email. I contenuti presenti sono accessibili dagli Utenti senza necessit\u00e0 di conferimento dei propri dati personali. Tuttavia, alcune sezioni potranno risultare accessibili esclusivamente ad Utenti registrati. I dati personali dell&#8217;Utente, pertanto, potranno essere trattati, con mezzi automatizzati, (i) durante la navigazione, (ii) al momento della registrazione al Sito (necessaria per potere usufruire dei servizi o acquistare beni offerti dallo stesso), (iii) al momento della richiesta di fornitura di un singolo bene o servizio. Inoltre, nel caso in cui un Utente ci contatti per richiedere informazioni, noi raccoglieremo i suoi dati personali per potergli fornire una risposta.<\/p>\n<h4>Dati di navigazione<\/h4>\n<p>I sistemi informatici e le procedure software preposte al funzionamento del Sito acquisiscono, nel corso del loro normale esercizio, alcuni dati personali la cui trasmissione\u00a0 implicita nell&#8217;uso dei protocolli di comunicazione di Internet. Si tratta di informazioni che non sono raccolte per essere associate a interessati identificati, ma che per loro stessa natura potrebbero, attraverso elaborazioni ed associazioni con dati detenuti da terzi, permettere di identificare gli Utenti. In questa categoria di dati rientrano gli indirizzi IP o i nomi a dominio dei computer utilizzati dagli Utenti che si connettono al sito, gli indirizzi in notazione URI (Uniform Resource Identifier) delle risorse richieste, l&#8217;orario della richiesta, il metodo utilizzato nel sottoporre la richiesta al server, la dimensione del file ottenuto in risposta, il codice numerico indicante lo stato della risposta data dal server (buon fine, errore,ecc.) ed altri parametri relativi al sistema operativo e all&#8217;ambiente informatico dell&#8217;utente. Questi dati vengono utilizzati al solo fine di ricavare informazioni statistiche anonime sull&#8217;uso del Sito <strong>www.matar.it<\/strong> e per controllarne il corretto funzionamento e vengono cancellati immediatamente dopo l&#8217;elaborazione. I dati potrebbero essere utilizzati per l&#8217;accertamento di responsabilit\u00e0 in caso di ipotetici reati informatici ai danni del Sito <strong>www.matar.it<\/strong>.<\/p>\n<h4>Dati forniti volontariamente dall&#8217;Utente<\/h4>\n<p><strong>Matar Srl<\/strong> raccoglie anche i dati personali inseriti nei form di registrazione o di richiesta di beni o servizi, nonch\u00e8 inoltrati a <strong>Matar Srl<\/strong> tramite posta elettronica. Si tratta principalmente di informazioni necessarie per fornire all&#8217;Utente i beni o i servizi richiesti ovvero per contattare l&#8217;Utente in risposta a una sua richiesta di informazioni.<\/p>\n<h4>Finalit\u00e0 del trattamento dei dati personali<\/h4>\n<p><strong>Matar Srl<\/strong> tratter\u00e0 i dati personali degli Utenti per le seguenti finalit\u00e0: Per esigenze relative alle operazioni di autorizzazione, abilitazione e personalizzazione degli accessi alle varie aree e relativi contenuti del Sito; Per esigenze relative alla stipulazione e alla esecuzione di un contratto su richiesta dell&#8217;Utente stesso e per dare esecuzione ad un servizio o ad una operazione nell&#8217;ambito delle attivit\u00e0 di <strong>Matar Srl<\/strong>. Per esigenze di sviluppo commerciale, analisi dei rapporti con i clienti e marketing, previo consenso dell&#8217;Utente. Ad esempio, <strong>Matar Srl<\/strong> pu\u00f2 inviare all&#8217;indirizzo e-mail dell&#8217;Utente aggiornamenti ed informazioni relative ai prodotti o alle promozioni.<\/p>\n<h4>Facoltativit\u00e0 del Conferimento dei dati personali<\/h4>\n<p>Salvo quanto specificato per i dati di navigazione, l&#8217;Utente ha facolt\u00e0 di fornire o meno i dati personali nei moduli per la registrazione al Sito o per la richiesta di beni o servizi disponibili sul Sito, ovvero inviando richiesta di informazioni al Sito tramite posta elettronica.<\/p>\n<h4>Comunicazione e\/o diffusione dei dati personali<\/h4>\n<p>I dati personali degli Utenti raccolti da\u00a0<strong>Matar Srl<\/strong>\u00a0attraverso il sito\u00a0<strong>www.matar.it<\/strong> saranno accessibili agli organi e ai dipendenti di <strong>Matar Srl<\/strong> formalmente designati quali Incaricati o Responsabili del trattamento. Inoltre,i dati personali degli Utenti potranno essere comunicati a societ\u00e0 che forniscono i beni o i servizi disponibili sul Sito in esecuzione degli obblighi derivanti da contratti conclusi su richiesta dell&#8217;Utente o per fornire il servizio richiesto dall&#8217;Utente. I dati sono raccolti e conservati su server di propriet\u00e0 o di societ\u00e0 con le quali <strong>Matar Srl<\/strong> ha stipulato un contratto. Alcuni dati potranno essere comunicati in forma anonima ed aggregata a societ\u00e0 del gruppo o terze per finalit\u00e0 statistiche. Ad esempio, potr\u00e0 essere comunicata l&#8217;et\u00e0 media dei visitatori del Sito, il numero di visitatori provenienti dalle diverse aree geografiche. In ogni caso, non sono dati che consentono l&#8217;identificazione degli Utenti. Inoltre, i dati potranno essere comunicati a terzi in occasione di operazioni di vendita, fusione o acquisizione. Nell&#8217;ambito di tali attivit\u00e0 riorganizzative, i dati personali degli Utenti potrebbero essere condivisi con attuali o eventuali acquirenti. In questi casi <strong>Matar Srl<\/strong> otterr\u00e0 garanzie scritte che i dati personali verranno trattati con un adeguato livello di protezione e, comunque, in conformit\u00e0 con la normativa vigente. Ad eccezione dei casi esplicitamente consentiti dalla legge, o previsti in questa Privacy Policy, i dati personali non verranno comunicati o condivisi senza il consenso dell&#8217;utente interessato. Protezione dei dati personali <strong>Matar Srl<\/strong> protegge i dati personali che tratta adottando le misure di sicurezza previste dal Codice Privacy. Esistono misure che impediscono accessi non autorizzati di terzi ai dati personali e al Sito, o la registrazione o l&#8217;utilizzazione non autorizzata dei dati personali. Le User ID, le password ed i numeri di carta di credito sono protetti da un sistema di criptazione (Secure Sockets Layer &#8211; &#8220;SSL&#8221; o altri) <strong>Matar Srl <\/strong>non verr\u00e0 a conoscenza ne tantomeno conserver\u00e0 il numero e i codici della carta di credito, appoggiandosi ad un istituto di credito esterno che garantisce sicurezza e riservatezza nella transazione.<\/p>\n<h4>Diritti degli Utenti con riguardo ai propri dati personali<\/h4>\n<p>Gli Utenti che hanno fornito i propri dati personali secondo quanto previsto nella presente informativa, godono di tutti i diritti ad essi attribuiti dal Codice. In particolare, potranno rivolgersi a <strong>Matar Srl<\/strong> per fare valere i propri diritti ai sensi dell&#8217;articolo 7 e ss. del Codice. In particolare, gli interessati hanno il diritto in qualsiasi momento di ottenere la conferma dell&#8217;esistenza o meno dei dati o di conoscerne il contenuto e l&#8217;origine, verificarne l&#8217;esattezza o chiederne l&#8217;integrazione o l&#8217;aggiornamento, oppure la rettificazione ai sensi dell&#8217;articolo 7 del Codice. In base al medesimo articolo, hanno il diritto di ottenere la cancellazione, la trasformazione in forma anonima o il blocco dei dati trattati in violazione di legge, nonch\u00e8 di opporsi, in ogni caso, per motivi legittimi, al loro trattamento. Le comunicazioni andranno inviate al Titolare del Trattamento <strong>Matar Srl<\/strong>\u00a0all&#8217;indirizzo\u00a0<strong>info@matar.it<\/strong>.<\/p>\n<h4>Informazioni inserite dagli utenti<\/h4>\n<p>Con riguardo ai contenuti immessi dagli utenti nel Sito\u00a0<strong>www.matar.it<\/strong>\u00a0(User Generated Content),\u00a0<strong>Matar Srl<\/strong> non sar\u00e0 responsabile per eventuali violazioni diritti di terzi e in ogni caso, con l&#8217;inserimento dei dati l&#8217;Utente cede in via definitiva la propriet\u00e0 non esclusiva degli stessi a <strong>Matar Srl<\/strong>.<\/p>\n<h4>Modifiche alla informativa<\/h4>\n<p><strong>Matar Srl<\/strong> si riserva di apportare modifiche alla presente informativa al fine di recepire cambiamenti della normativa ovvero per adeguarsi ad intervenute innovazioni tecnologiche. Eventuali modifiche saranno riportate su questa pagina web resa costantemente consultabile mediante il collegamento ipertestuale situato nella home page del Sito. Gli Utenti sono pregati di prendere visione e consultare periodicamente l&#8217;informativa per verificare eventuali aggiornamenti o revisioni che si dovessero rendere necessari.[\/vc_column_text][\/vc_column][\/vc_row][vc_row row_background_lines=&#8221;no&#8221;][vc_column][vc_empty_space][\/vc_column][\/vc_row][vc_row row_background_lines=&#8221;no&#8221;][vc_column][vc_separator color=&#8221;white&#8221;][\/vc_column][\/vc_row][vc_row row_background_lines=&#8221;no&#8221;][vc_column][vc_empty_space][\/vc_column][\/vc_row][vc_row row_background_lines=&#8221;no&#8221;][vc_column]<div class=\"mkdf-section-title-holder  mkdf-st-standard mkdf-st-title-left  \" >\n\t<div class=\"mkdf-st-inner\">\n\t\t\t\t\t<h3 class=\"mkdf-st-title\" >\n\t\t\t\tCookie Policy\t\t\t<\/h3>\n\t\t\t\t\t<\/div>\n<\/div>[\/vc_column][\/vc_row][vc_row row_background_lines=&#8221;no&#8221;][vc_column][vc_empty_space][\/vc_column][\/vc_row][vc_row row_background_lines=&#8221;no&#8221;][vc_column][vc_column_text]<\/p>\n<h4>Cosa sono e a cosa servono i cookie?<\/h4>\n<p>I cookie sono piccoli file di testo che i siti visitati dagli utenti inviano ai loro terminali, ove vengono memorizzati per essere poi ritrasmessi agli stessi siti alla visita successiva. I cookie sono usati per differenti finalit\u00e0: esecuzione di autenticazioni informatiche, monitoraggio di sessioni, memorizzazione di informazioni su specifiche configurazioni riguardanti gli utenti che accedono al server, memorizzazione delle preferenze, evitare di reinserire le stesse informazioni pi\u00f9 volte durante la visita quali ad esempio nome utente e password, analizzare l&#8217;utilizzo dei servizi e dei contenuti forniti dai Siti per ottimizzarne l&#8217;esperienza di navigazione e i servizi offerti.<\/p>\n<h4>La nostra cookie policy<\/h4>\n<p>Sul Sito\u00a0<strong>www.matar.it<\/strong> utilizziamo solo i cookie che sono strettamente necessari per la navigazione o per attivare alcune funzioni base. Il presente Sito <strong>www.matar.it<\/strong> utilizza quindi esclusivamente cookie &#8220;tecnici&#8221; al fine di migliorare le prestazioni del sito e offrire un&#8217;esperienza di navigazione migliore. Matar Srl utilizza inoltre cookie di sessione, che non vengono memorizzati in modo persistente sul computer dell&#8217;Utente e svaniscono con la chiusura del browser. Il loro uso, tuttavia, strettamente limitato alla trasmissione di identificativi di sessione necessari per consentire l&#8217;esplorazione sicura ed efficiente del Sito. Essi non consentono l&#8217;acquisizione di dati personali identificativi dell&#8217;Utente. La tipologia di cookie utilizzata e la relativa finalit\u00e0 la seguente: Nome Cookie ASPSESSIONID o PHPSESSID Finalit\u00e0 Agevola la navigazione del sito memorizzando le impostazioni di navigazione scelte dall&#8217;utente. Eventuali cookie di &#8220;terze parti&#8221; (esempio Google analytics) vengono preventivamente anonimizzati al fine di evitare la profilazione del singolo utente.<\/p>\n<h4>Blocco Cookie<\/h4>\n<p>Al fine di utilizzare il sito in modo completo, opportuno che il vostro computer, tablet o cellulare accetti i cookie, in quanto solo abilitandoli potrete usufruire di alcune funzioni personalizzate del nostro sito web. I nostri cookie non memorizzano informazioni sensibili come nome e cognome, indirizzo o dati relativi ai pagamenti. Tuttavia, se preferite limitare, bloccare o cancellare i cookie di questo sito o di qualsiasi altro sito web, potete farlo direttamente tramite il vostro browser. Con quasi tutti i browser Internet,\u00a0 possibile verificare quali cookies sono presenti sul computer dell&#8217;utente, bloccare tutti i cookies o ricevere un avviso ogni volta che un cookie viene installato. Va tenuto conto, comunque,che, in alcuni casi, la mancata installazione di un cookie pu\u00f2 comportare l&#8217;impossibilit\u00e0 di utilizzare alcune sezioni del Sito. Poich\u00e8 ogni browser\u00a0 diverso,\u00a0 necessario entrare nel menu Aiuto del vostro browser specifico o consultare il manuale del vostro telefono cellulare per sapere come modificare le preferenze relative ai cookie.<br \/>\nEcco le indicazioni per i pi\u00f9 comuni:<br \/>\nMicrosoft Internet Explorer\u00a0<a href=\"http:\/\/windows.microsoft.com\/it-it\/windows7\/block-enable-or-allow-cookies\" target=\"_blank\" rel=\"noopener noreferrer\">http:\/\/windows.microsoft.com\/it-it\/windows7\/block-enable-or-allow-cookies<\/a><br \/>\nGoogle Chrome\u00a0<a href=\"https:\/\/support.google.com\/accounts\/answer\/61416?hl=it\" target=\"_blank\" rel=\"noopener noreferrer\">https:\/\/support.google.com\/accounts\/answer\/61416?hl=it<\/a><br \/>\nApple Safari\u00a0<a href=\"https:\/\/support.apple.com\/kb\/PH19214?locale=it_IT\" target=\"_blank\" rel=\"noopener noreferrer\">https:\/\/support.apple.com\/kb\/PH19214?locale=it_IT<\/a><br \/>\nMozilla Firefox\u00a0<a href=\"https:\/\/support.mozilla.org\/it\/kb\/Attivare%20e%20disattivare%20i%20cookie\" target=\"_blank\" rel=\"noopener noreferrer\">https:\/\/support.mozilla.org\/it\/kb\/Attivare%20e%20disattivare%20i%20cookie<\/a><br \/>\nOpera\u00a0<a href=\"http:\/\/help.opera.com\/Windows\/10.00\/it\/cookies.html\" target=\"_blank\" rel=\"noopener noreferrer\">http:\/\/help.opera.com\/Windows\/10.00\/it\/cookies.html<\/a>[\/vc_column_text][\/vc_column][\/vc_row]<\/p>\n","protected":false},"excerpt":{"rendered":"<p>[vc_row row_background_lines=&#8221;no&#8221;][vc_column][vc_column_text]Matar Srl considera di fondamentale importanza la privacy dei propri utenti e garantisce che il trattamento dei dati personali inseriti, raccolti e trattati attraverso il sito www.matar.it si svolga [&hellip;]<\/p>\n","protected":false},"author":1,"featured_media":0,"parent":0,"menu_order":0,"comment_status":"closed","ping_status":"closed","template":"","meta":[],"_links":{"self":[{"href":"http:\/\/www.matar.it\/en\/index.php\/wp-json\/wp\/v2\/pages\/3"}],"collection":[{"href":"http:\/\/www.matar.it\/en\/index.php\/wp-json\/wp\/v2\/pages"}],"about":[{"href":"http:\/\/www.matar.it\/en\/index.php\/wp-json\/wp\/v2\/types\/page"}],"author":[{"embeddable":true,"href":"http:\/\/www.matar.it\/en\/index.php\/wp-json\/wp\/v2\/users\/1"}],"replies":[{"embeddable":true,"href":"http:\/\/www.matar.it\/en\/index.php\/wp-json\/wp\/v2\/comments?post=3"}],"version-history":[{"count":8,"href":"http:\/\/www.matar.it\/en\/index.php\/wp-json\/wp\/v2\/pages\/3\/revisions"}],"predecessor-version":[{"id":5023,"href":"http:\/\/www.matar.it\/en\/index.php\/wp-json\/wp\/v2\/pages\/3\/revisions\/5023"}],"wp:attachment":[{"href":"http:\/\/www.matar.it\/en\/index.php\/wp-json\/wp\/v2\/media?parent=3"}],"curies":[{"name":"wp","href":"https:\/\/api.w.org\/{rel}","templated":true}]}}